{"id":129,"date":"2022-05-19T20:23:45","date_gmt":"2022-05-19T20:23:45","guid":{"rendered":"https:\/\/web.tytconsultores.cl\/?page_id=129"},"modified":"2022-07-05T18:10:41","modified_gmt":"2022-07-05T18:10:41","slug":"clientes","status":"publish","type":"page","link":"https:\/\/tytconsultores.cl\/index.php\/clientes\/","title":{"rendered":"Clientes"},"content":{"rendered":"\t\t<div data-elementor-type=\"wp-page\" data-elementor-id=\"129\" class=\"elementor elementor-129\">\n\t\t\t\t\t\t\t\t\t<section class=\"elementor-section elementor-top-section elementor-element elementor-element-b68b5e6 elementor-section-boxed elementor-section-height-default elementor-section-height-default\" data-id=\"b68b5e6\" data-element_type=\"section\" data-settings=\"{&quot;background_background&quot;:&quot;video&quot;,&quot;background_video_link&quot;:&quot;https:\\\/\\\/tytconsultores.cl\\\/wp-content\\\/uploads\\\/2022\\\/06\\\/Diseno-sin-titulo-85.mp4&quot;,&quot;background_play_on_mobile&quot;:&quot;yes&quot;}\">\n\t\t\t\t\t\t\t\t<div class=\"elementor-background-video-container\">\n\t\t\t\t\t\t\t\t\t\t\t\t\t<video class=\"elementor-background-video-hosted elementor-html5-video\" autoplay muted playsinline loop><\/video>\n\t\t\t\t\t\t\t\t\t\t\t<\/div>\n\t\t\t\t\t\t\t\t\t<div class=\"elementor-background-overlay\"><\/div>\n\t\t\t\t\t\t\t<div class=\"elementor-container elementor-column-gap-default\">\n\t\t\t\t\t<div class=\"elementor-column elementor-col-100 elementor-top-column elementor-element elementor-element-d0d66ed\" data-id=\"d0d66ed\" data-element_type=\"column\">\n\t\t\t<div class=\"elementor-widget-wrap\">\n\t\t\t\t\t\t\t\t\t<\/div>\n\t\t<\/div>\n\t\t\t\t\t\t\t<\/div>\n\t\t<\/section>\n\t\t\t\t<section class=\"elementor-section elementor-top-section elementor-element elementor-element-2b21f8c elementor-section-boxed elementor-section-height-default elementor-section-height-default\" data-id=\"2b21f8c\" data-element_type=\"section\">\n\t\t\t\t\t\t<div class=\"elementor-container elementor-column-gap-default\">\n\t\t\t\t\t<div class=\"elementor-column elementor-col-50 elementor-top-column elementor-element elementor-element-10f41c1\" data-id=\"10f41c1\" data-element_type=\"column\">\n\t\t\t<div class=\"elementor-widget-wrap elementor-element-populated\">\n\t\t\t\t\t\t\t\t<div class=\"elementor-element elementor-element-6b76456 elementor-widget elementor-widget-spacer\" data-id=\"6b76456\" data-element_type=\"widget\" data-widget_type=\"spacer.default\">\n\t\t\t\t<div class=\"elementor-widget-container\">\n\t\t\t<style>\/*! elementor - v3.6.5 - 27-04-2022 *\/\n.e-container.e-container--row .elementor-spacer-inner{width:var(--spacer-size)}.e-container.e-container--column .elementor-spacer-inner,.elementor-column .elementor-spacer-inner{height:var(--spacer-size)}<\/style>\t\t<div class=\"elementor-spacer\">\n\t\t\t<div class=\"elementor-spacer-inner\"><\/div>\n\t\t<\/div>\n\t\t\t\t<\/div>\n\t\t\t\t<\/div>\n\t\t\t\t\t<\/div>\n\t\t<\/div>\n\t\t\t\t<div class=\"elementor-column elementor-col-50 elementor-top-column elementor-element elementor-element-8deba48\" data-id=\"8deba48\" data-element_type=\"column\">\n\t\t\t<div class=\"elementor-widget-wrap\">\n\t\t\t\t\t\t\t\t\t<\/div>\n\t\t<\/div>\n\t\t\t\t\t\t\t<\/div>\n\t\t<\/section>\n\t\t\t\t<section class=\"elementor-section elementor-top-section elementor-element elementor-element-3694f30 elementor-section-boxed elementor-section-height-default elementor-section-height-default\" data-id=\"3694f30\" data-element_type=\"section\" data-settings=\"{&quot;background_background&quot;:&quot;classic&quot;}\">\n\t\t\t\t\t\t<div class=\"elementor-container elementor-column-gap-default\">\n\t\t\t\t\t<div class=\"elementor-column elementor-col-50 elementor-top-column elementor-element elementor-element-3b94349\" data-id=\"3b94349\" data-element_type=\"column\" data-settings=\"{&quot;background_background&quot;:&quot;classic&quot;}\">\n\t\t\t<div class=\"elementor-widget-wrap elementor-element-populated\">\n\t\t\t\t\t\t\t\t<div class=\"elementor-element elementor-element-003ef0f elementor-widget elementor-widget-spacer\" data-id=\"003ef0f\" data-element_type=\"widget\" data-widget_type=\"spacer.default\">\n\t\t\t\t<div class=\"elementor-widget-container\">\n\t\t\t\t\t<div class=\"elementor-spacer\">\n\t\t\t<div class=\"elementor-spacer-inner\"><\/div>\n\t\t<\/div>\n\t\t\t\t<\/div>\n\t\t\t\t<\/div>\n\t\t\t\t<div class=\"elementor-element elementor-element-9f2c760 elementor-widget elementor-widget-heading\" data-id=\"9f2c760\" data-element_type=\"widget\" data-widget_type=\"heading.default\">\n\t\t\t\t<div class=\"elementor-widget-container\">\n\t\t\t<style>\/*! elementor - v3.6.5 - 27-04-2022 *\/\n.elementor-heading-title{padding:0;margin:0;line-height:1}.elementor-widget-heading .elementor-heading-title[class*=elementor-size-]>a{color:inherit;font-size:inherit;line-height:inherit}.elementor-widget-heading .elementor-heading-title.elementor-size-small{font-size:15px}.elementor-widget-heading .elementor-heading-title.elementor-size-medium{font-size:19px}.elementor-widget-heading .elementor-heading-title.elementor-size-large{font-size:29px}.elementor-widget-heading .elementor-heading-title.elementor-size-xl{font-size:39px}.elementor-widget-heading .elementor-heading-title.elementor-size-xxl{font-size:59px}<\/style><h2 class=\"elementor-heading-title elementor-size-default\">Nuestros Clientes<\/h2>\t\t<\/div>\n\t\t\t\t<\/div>\n\t\t\t\t<div class=\"elementor-element elementor-element-f1cde6f elementor-widget elementor-widget-elementskit-heading\" data-id=\"f1cde6f\" data-element_type=\"widget\" data-widget_type=\"elementskit-heading.default\">\n\t\t\t\t<div class=\"elementor-widget-container\">\n\t\t\t<div class=\"ekit-wid-con\" ><div class=\"ekit-heading elementskit-section-title-wraper text_center   ekit_heading_tablet-   ekit_heading_mobile-\"><div class=\"ekit_heading_separetor_wraper ekit_heading_elementskit-border-divider elementskit-style-long\"><div class=\"elementskit-border-divider elementskit-style-long\"><\/div><\/div><\/div><\/div>\t\t<\/div>\n\t\t\t\t<\/div>\n\t\t\t\t<div class=\"elementor-element elementor-element-e0a0e71 elementor-widget elementor-widget-text-editor\" data-id=\"e0a0e71\" data-element_type=\"widget\" data-widget_type=\"text-editor.default\">\n\t\t\t\t<div class=\"elementor-widget-container\">\n\t\t\t<style>\/*! elementor - v3.6.5 - 27-04-2022 *\/\n.elementor-widget-text-editor.elementor-drop-cap-view-stacked .elementor-drop-cap{background-color:#818a91;color:#fff}.elementor-widget-text-editor.elementor-drop-cap-view-framed .elementor-drop-cap{color:#818a91;border:3px solid;background-color:transparent}.elementor-widget-text-editor:not(.elementor-drop-cap-view-default) .elementor-drop-cap{margin-top:8px}.elementor-widget-text-editor:not(.elementor-drop-cap-view-default) .elementor-drop-cap-letter{width:1em;height:1em}.elementor-widget-text-editor .elementor-drop-cap{float:left;text-align:center;line-height:1;font-size:50px}.elementor-widget-text-editor .elementor-drop-cap-letter{display:inline-block}<\/style>\t\t\t\t<p>T&amp;T Consultores ha realizado proyectos para las principales agencias gubernamentales vinculadas a mercados regulados, as\u00ed como tambi\u00e9n para empresas medianas y grandes. Entre sus clientes se cuentan:<\/p>\t\t\t\t\t\t<\/div>\n\t\t\t\t<\/div>\n\t\t\t\t\t<\/div>\n\t\t<\/div>\n\t\t\t\t<div class=\"elementor-column elementor-col-50 elementor-top-column elementor-element elementor-element-1612e74\" data-id=\"1612e74\" data-element_type=\"column\" data-settings=\"{&quot;background_background&quot;:&quot;classic&quot;}\">\n\t\t\t<div class=\"elementor-widget-wrap elementor-element-populated\">\n\t\t\t\t\t\t\t\t<div class=\"elementor-element elementor-element-d0c5e9d elementor-widget elementor-widget-elementskit-simple-tab\" data-id=\"d0c5e9d\" data-element_type=\"widget\" data-widget_type=\"elementskit-simple-tab.default\">\n\t\t\t\t<div class=\"elementor-widget-container\">\n\t\t\t<div class=\"ekit-wid-con\" >        <div class=\"elementkit-tab-wraper   elementskit-fitcontent-tab \">\n            <ul class=\"nav nav-tabs elementkit-tab-nav  elementskit_tab_border_bottm elementskit_tab_border_bottm\" role=\"tablist\">\n                                    <li class=\"elementkit-nav-item elementor-repeater-item-e7fb3c4\">\n                        <a class=\"elementkit-nav-link  active show left-pos\" id=\"content-e7fb3c469da0e3ac0d02-tab\" data-ekit-handler-id=\"sector-p-blico\" data-ekit-toggle=\"tab\" data-target=\"#content-e7fb3c469da0e3ac0d02\" href=\"#Content-e7fb3c469da0e3ac0d02\"\n                            data-ekit-toggle-trigger=\"click\"\n                            role=\"tab\" aria-controls=\"Content-e7fb3c469da0e3ac0d02\" aria-selected=\"true\">\n                            <span class=\" elementskit-tab-icon\"><\/span>                            <span class=\"elementskit-tab-title\">Sector P\u00fablico<\/span>\n                        <\/a>\n                    <\/li>\n                                        <li class=\"elementkit-nav-item elementor-repeater-item-9077dfd\">\n                        <a class=\"elementkit-nav-link  left-pos\" id=\"content-9077dfd69da0e3ac0d02-tab\" data-ekit-handler-id=\"sector-privado\" data-ekit-toggle=\"tab\" data-target=\"#content-9077dfd69da0e3ac0d02\" href=\"#Content-9077dfd69da0e3ac0d02\"\n                            data-ekit-toggle-trigger=\"click\"\n                            role=\"tab\" aria-controls=\"Content-9077dfd69da0e3ac0d02\" aria-selected=\"true\">\n                            <span class=\" elementskit-tab-icon\"><\/span>                            <span class=\"elementskit-tab-title\">Sector Privado<\/span>\n                        <\/a>\n                    <\/li>\n                                <\/ul>\n\n            <div class=\"tab-content elementkit-tab-content\">\n                                    <div class=\"tab-pane elementkit-tab-pane elementor-repeater-item-e7fb3c4  active show\" id=\"content-e7fb3c469da0e3ac0d02\" role=\"tabpanel\"\n                         aria-labelledby=\"content-e7fb3c469da0e3ac0d02-tab\">\n                        <div class=\"animated fadeIn\">\n                            <p>\u2022 Comisi\u00f3n Nacional de Energ\u00eda<br \/>\u2022 Empresa de los Ferrocarriles del Estado<br \/>\u2022 Fiscal\u00eda Nacional Econ\u00f3mica<br \/>\u2022 Ministerio de Agricultura<br \/>\u2022 Ministerio de Econom\u00eda, Fomento y Turismo<br \/>\u2022 Ministerio de Energ\u00eda<br \/>\u2022 Servicio Nacional de Menores<br \/>\u2022 Subsecretar\u00eda de Desarrollo Regional y Administrativo<br \/>\u2022 Subsecretar\u00eda de Telecomunicaciones<br \/>\u2022 Superintendencia de Electricidad y Combustibles <br \/>\u2022 Superintendencia de Servicios Sanitarios<\/p>                        <\/div>\n                    <\/div>\n                                    <div class=\"tab-pane elementkit-tab-pane elementor-repeater-item-9077dfd \" id=\"content-9077dfd69da0e3ac0d02\" role=\"tabpanel\"\n                         aria-labelledby=\"content-9077dfd69da0e3ac0d02-tab\">\n                        <div class=\"animated fadeIn\">\n                            <p>\u2022 Acciona Energ\u00eda Chile<br \/>\u2022 Agencia Chilena de Eficiencia Energ\u00e9tica<br \/>\u2022 Cementos La Uni\u00f3n<br \/>\u2022 C\u00e1mara Chilena de la Construcci\u00f3n<br \/>\u2022 Claro Chile S.A.<br \/>\u2022 Claro Servicios Empresariales<br \/>\u2022 Compa\u00f1\u00eda Minera Teck Carmen de Andacollo <br \/>\u2022 Cooperativa de Abastecimiento de Energ\u00eda El\u00e9ctrica Curic\u00f3<br \/>\u2022 Cooperativa Regional El\u00e9ctrica Llanquihue<br \/>\u2022 Empresa de Transporte Ferroviario<br \/>\u2022 Empresa El\u00e9ctrica Panguipulli<br \/>\u2022 Empresa El\u00e9ctrica Puyehue<br \/>\u2022 Empresa Nacional de Telecomunicaciones<br \/>\u2022 Entel PCS Telecomunicaciones<br \/>\u2022 E\u00f3lica Monte Redondo <br \/>\u2022 Grupo CB <br \/>\u2022 GTD Teleductos<br \/>\u2022 Mel\u00f3n S.A.<br \/>\u2022 Miningsystems <br \/>\u2022 Savenergy S.A.<br \/>\u2022 Sociedad Punta del Cobre<br \/>\u2022 Sunedison Chile Construction<br \/>\u2022 Suez Energy<br \/>\u2022 Telef\u00f3nica Chile<br \/>\u2022 Telef\u00f3nica M\u00f3viles Chile<br \/>\u2022 Urbaniza S.A.<br \/>\u2022 VTR Comunicaciones<br \/>\u2022 WOM <\/p>                        <\/div>\n                    <\/div>\n                            <\/div>\n        <\/div>\n    <\/div>\t\t<\/div>\n\t\t\t\t<\/div>\n\t\t\t\t\t<\/div>\n\t\t<\/div>\n\t\t\t\t\t\t\t<\/div>\n\t\t<\/section>\n\t\t\t\t<section class=\"elementor-section elementor-top-section elementor-element elementor-element-376fc95 elementor-section-boxed elementor-section-height-default elementor-section-height-default\" data-id=\"376fc95\" data-element_type=\"section\">\n\t\t\t\t\t\t<div class=\"elementor-container elementor-column-gap-default\">\n\t\t\t\t\t<div class=\"elementor-column elementor-col-100 elementor-top-column elementor-element elementor-element-c2d5e28\" data-id=\"c2d5e28\" data-element_type=\"column\">\n\t\t\t<div class=\"elementor-widget-wrap\">\n\t\t\t\t\t\t\t\t\t<\/div>\n\t\t<\/div>\n\t\t\t\t\t\t\t<\/div>\n\t\t<\/section>\n\t\t\t\t<section class=\"elementor-section elementor-top-section elementor-element elementor-element-4aba187 elementor-section-boxed elementor-section-height-default elementor-section-height-default\" data-id=\"4aba187\" data-element_type=\"section\">\n\t\t\t\t\t\t<div class=\"elementor-container elementor-column-gap-default\">\n\t\t\t\t\t<div class=\"elementor-column elementor-col-100 elementor-top-column elementor-element elementor-element-6f8f5ed\" data-id=\"6f8f5ed\" data-element_type=\"column\">\n\t\t\t<div class=\"elementor-widget-wrap elementor-element-populated\">\n\t\t\t\t\t\t\t\t<div class=\"elementor-element elementor-element-32a8862 elementor-widget elementor-widget-shortcode\" data-id=\"32a8862\" data-element_type=\"widget\" data-widget_type=\"shortcode.default\">\n\t\t\t\t<div class=\"elementor-widget-container\">\n\t\t\t\t\t<div class=\"elementor-shortcode\">\t\t<div data-elementor-type=\"page\" data-elementor-id=\"325\" class=\"elementor elementor-325\">\n\t\t\t\t\t\t\t\t\t<section class=\"elementor-section elementor-top-section elementor-element elementor-element-ae506a2 elementor-section-stretched elementor-section-full_width elementor-section-height-default elementor-section-height-default\" data-id=\"ae506a2\" data-element_type=\"section\" data-settings=\"{&quot;stretch_section&quot;:&quot;section-stretched&quot;,&quot;background_background&quot;:&quot;classic&quot;}\">\n\t\t\t\t\t\t<div class=\"elementor-container elementor-column-gap-default\">\n\t\t\t\t\t<div class=\"elementor-column elementor-col-100 elementor-top-column elementor-element elementor-element-319e984b\" data-id=\"319e984b\" data-element_type=\"column\">\n\t\t\t<div class=\"elementor-widget-wrap elementor-element-populated\">\n\t\t\t\t\t\t\t\t<section class=\"elementor-section elementor-inner-section elementor-element elementor-element-6e47a4f0 elementor-section-content-middle elementor-section-full_width elementor-section-height-default elementor-section-height-default\" data-id=\"6e47a4f0\" data-element_type=\"section\">\n\t\t\t\t\t\t<div class=\"elementor-container elementor-column-gap-default\">\n\t\t\t\t\t<div class=\"elementor-column elementor-col-25 elementor-inner-column elementor-element elementor-element-249a37ff\" data-id=\"249a37ff\" data-element_type=\"column\" data-settings=\"{&quot;background_background&quot;:&quot;classic&quot;}\">\n\t\t\t<div class=\"elementor-widget-wrap elementor-element-populated\">\n\t\t\t\t\t\t\t\t<div class=\"elementor-element elementor-element-166b515a elementor-widget elementor-widget-image\" data-id=\"166b515a\" data-element_type=\"widget\" data-widget_type=\"image.default\">\n\t\t\t\t<div class=\"elementor-widget-container\">\n\t\t\t<style>\/*! elementor - v3.6.5 - 27-04-2022 *\/\n.elementor-widget-image{text-align:center}.elementor-widget-image a{display:inline-block}.elementor-widget-image a img[src$=\".svg\"]{width:48px}.elementor-widget-image img{vertical-align:middle;display:inline-block}<\/style>\t\t\t\t\t\t\t\t\t\t\t\t\t<a href=\"http:\/\/www.zoodiet.cl\/pagina-de-inicio-nueva\/\">\n\t\t\t\t\t\t\t<img width=\"215\" height=\"48\" src=\"https:\/\/tytconsultores.cl\/wp-content\/uploads\/2022\/05\/cropped-logo-7-1-1.png\" class=\"attachment-full size-full\" alt=\"\" loading=\"lazy\" \/>\t\t\t\t\t\t\t\t<\/a>\n\t\t\t\t\t\t\t\t\t\t\t\t\t\t\t<\/div>\n\t\t\t\t<\/div>\n\t\t\t\t<div class=\"elementor-element elementor-element-7861110 elementor-widget elementor-widget-text-editor\" data-id=\"7861110\" data-element_type=\"widget\" data-widget_type=\"text-editor.default\">\n\t\t\t\t<div class=\"elementor-widget-container\">\n\t\t\t\t\t\t\t<p>Asesor\u00edas en Mercados Regulados<\/p>\t\t\t\t\t\t<\/div>\n\t\t\t\t<\/div>\n\t\t\t\t\t<\/div>\n\t\t<\/div>\n\t\t\t\t<div class=\"elementor-column elementor-col-25 elementor-inner-column elementor-element elementor-element-222137e\" data-id=\"222137e\" data-element_type=\"column\">\n\t\t\t<div class=\"elementor-widget-wrap elementor-element-populated\">\n\t\t\t\t\t\t\t\t<div class=\"elementor-element elementor-element-1a64a1b elementor-widget elementor-widget-premium-icon-list\" data-id=\"1a64a1b\" data-element_type=\"widget\" data-widget_type=\"premium-icon-list.default\">\n\t\t\t\t<div class=\"elementor-widget-container\">\n\t\t\t\t\t\t<ul class=\"premium-bullet-list-box\">\n\t\t\n\t\t\t<li class=\"premium-bullet-list-content elementor-repeater-item-b23bf50 premium-bullet-list-content-grow-lc\">\n\t\t\t\t<div class=\"premium-bullet-list-text\">\n\t\t\t\t\t\t\t\t<div class=\"premium-bullet-list-wrapper\">\n\t\t\t\t\t<i aria-hidden=\"true\" class=\"icon icon-map-marker1\"><\/i>\t\t\t\t<\/div>\n\t\t\t\t\n\t\t\t\t<span   data-text=\"Disraeli 2365, La Reina, Santiago, Chile\"> Disraeli 2365, La Reina, Santiago, Chile <\/span>\n\t\t\t\t<\/div>\n\n\t\t\t\t\n\t\t\t\t\n\t\t\t<\/li>\n\n\t\t\t\t\t\t<\/ul>\n\t\t\t\t<\/div>\n\t\t\t\t<\/div>\n\t\t\t\t\t<\/div>\n\t\t<\/div>\n\t\t\t\t<div class=\"elementor-column elementor-col-25 elementor-inner-column elementor-element elementor-element-1329aabd\" data-id=\"1329aabd\" data-element_type=\"column\">\n\t\t\t<div class=\"elementor-widget-wrap elementor-element-populated\">\n\t\t\t\t\t\t\t\t<div class=\"elementor-element elementor-element-fa5b552 elementor-widget elementor-widget-premium-icon-list\" data-id=\"fa5b552\" data-element_type=\"widget\" data-widget_type=\"premium-icon-list.default\">\n\t\t\t\t<div class=\"elementor-widget-container\">\n\t\t\t\t\t\t<ul class=\"premium-bullet-list-box\">\n\t\t\n\t\t\t<li class=\"premium-bullet-list-content elementor-repeater-item-b23bf50 premium-bullet-list-content-grow-lc\">\n\t\t\t\t<div class=\"premium-bullet-list-text\">\n\t\t\t\t\t\t\t\t<div class=\"premium-bullet-list-wrapper\">\n\t\t\t\t\t<i aria-hidden=\"true\" class=\"icon icon-envelope3\"><\/i>\t\t\t\t<\/div>\n\t\t\t\t\n\t\t\t\t<span   data-text=\"contacto@tytconsultores.cl\"> contacto@tytconsultores.cl <\/span>\n\t\t\t\t<\/div>\n\n\t\t\t\t\n\t\t\t\t\t\t\t\t\t<a class=\"premium-bullet-list-link\" title=\"\" href=\"mailto: contacto@tytconsultores.cl\" ><\/a>\n\t\t\t\t\n\t\t\t<\/li>\n\n\t\t\t\t\t\t<\/ul>\n\t\t\t\t<\/div>\n\t\t\t\t<\/div>\n\t\t\t\t\t<\/div>\n\t\t<\/div>\n\t\t\t\t<div class=\"elementor-column elementor-col-25 elementor-inner-column elementor-element elementor-element-1abd2894\" data-id=\"1abd2894\" data-element_type=\"column\">\n\t\t\t<div class=\"elementor-widget-wrap\">\n\t\t\t\t\t\t\t\t\t<\/div>\n\t\t<\/div>\n\t\t\t\t\t\t\t<\/div>\n\t\t<\/section>\n\t\t\t\t<section class=\"elementor-section elementor-inner-section elementor-element elementor-element-5ec7747e elementor-section-boxed elementor-section-height-default elementor-section-height-default\" data-id=\"5ec7747e\" data-element_type=\"section\">\n\t\t\t\t\t\t<div class=\"elementor-container elementor-column-gap-default\">\n\t\t\t\t\t<div class=\"elementor-column elementor-col-100 elementor-inner-column elementor-element elementor-element-512ca905\" data-id=\"512ca905\" data-element_type=\"column\">\n\t\t\t<div class=\"elementor-widget-wrap elementor-element-populated\">\n\t\t\t\t\t\t\t\t<div class=\"elementor-element elementor-element-274d834 elementor-widget elementor-widget-spacer\" data-id=\"274d834\" data-element_type=\"widget\" data-widget_type=\"spacer.default\">\n\t\t\t\t<div class=\"elementor-widget-container\">\n\t\t\t\t\t<div class=\"elementor-spacer\">\n\t\t\t<div class=\"elementor-spacer-inner\"><\/div>\n\t\t<\/div>\n\t\t\t\t<\/div>\n\t\t\t\t<\/div>\n\t\t\t\t\t<\/div>\n\t\t<\/div>\n\t\t\t\t\t\t\t<\/div>\n\t\t<\/section>\n\t\t\t\t\t<\/div>\n\t\t<\/div>\n\t\t\t\t\t\t\t<\/div>\n\t\t<\/section>\n\t\t\t\t<section class=\"elementor-section elementor-top-section elementor-element elementor-element-3360008 elementor-section-boxed elementor-section-height-default elementor-section-height-default\" data-id=\"3360008\" data-element_type=\"section\">\n\t\t\t\t\t\t<div class=\"elementor-container elementor-column-gap-default\">\n\t\t\t\t\t<div class=\"elementor-column elementor-col-100 elementor-top-column elementor-element elementor-element-09b6a94\" data-id=\"09b6a94\" data-element_type=\"column\">\n\t\t\t<div class=\"elementor-widget-wrap\">\n\t\t\t\t\t\t\t\t\t<\/div>\n\t\t<\/div>\n\t\t\t\t\t\t\t<\/div>\n\t\t<\/section>\n\t\t\t\t\t\t\t<\/div>\n\t\t<\/div>\n\t\t\t\t<\/div>\n\t\t\t\t<\/div>\n\t\t\t\t\t<\/div>\n\t\t<\/div>\n\t\t\t\t\t\t\t<\/div>\n\t\t<\/section>\n\t\t\t\t\t\t\t<\/div>\n\t\t","protected":false},"excerpt":{"rendered":"<p>Nuestros Clientes T&amp;T Consultores ha realizado proyectos para las principales agencias gubernamentales vinculadas a mercados regulados, as\u00ed como tambi\u00e9n para empresas medianas y grandes. Entre sus clientes se cuentan: Sector P\u00fablico Sector Privado \u2022 Comisi\u00f3n Nacional de Energ\u00eda\u2022 Empresa de los Ferrocarriles del Estado\u2022 Fiscal\u00eda Nacional Econ\u00f3mica\u2022 Ministerio de Agricultura\u2022 Ministerio de Econom\u00eda, Fomento y &hellip;<\/p>\n<p class=\"read-more\"> <a class=\"\" href=\"https:\/\/tytconsultores.cl\/index.php\/clientes\/\"> <span class=\"screen-reader-text\">Clientes<\/span> Leer m\u00e1s &raquo;<\/a><\/p>\n","protected":false},"author":1,"featured_media":0,"parent":0,"menu_order":0,"comment_status":"closed","ping_status":"closed","template":"","meta":{"site-sidebar-layout":"no-sidebar","site-content-layout":"page-builder","ast-global-header-display":"","ast-main-header-display":"","ast-hfb-above-header-display":"","ast-hfb-below-header-display":"","ast-hfb-mobile-header-display":"","site-post-title":"disabled","ast-breadcrumbs-content":"","ast-featured-img":"disabled","footer-sml-layout":"","theme-transparent-header-meta":"","adv-header-id-meta":"","stick-header-meta":"","header-above-stick-meta":"","header-main-stick-meta":"","header-below-stick-meta":""},"_links":{"self":[{"href":"https:\/\/tytconsultores.cl\/index.php\/wp-json\/wp\/v2\/pages\/129"}],"collection":[{"href":"https:\/\/tytconsultores.cl\/index.php\/wp-json\/wp\/v2\/pages"}],"about":[{"href":"https:\/\/tytconsultores.cl\/index.php\/wp-json\/wp\/v2\/types\/page"}],"author":[{"embeddable":true,"href":"https:\/\/tytconsultores.cl\/index.php\/wp-json\/wp\/v2\/users\/1"}],"replies":[{"embeddable":true,"href":"https:\/\/tytconsultores.cl\/index.php\/wp-json\/wp\/v2\/comments?post=129"}],"version-history":[{"count":94,"href":"https:\/\/tytconsultores.cl\/index.php\/wp-json\/wp\/v2\/pages\/129\/revisions"}],"predecessor-version":[{"id":774,"href":"https:\/\/tytconsultores.cl\/index.php\/wp-json\/wp\/v2\/pages\/129\/revisions\/774"}],"wp:attachment":[{"href":"https:\/\/tytconsultores.cl\/index.php\/wp-json\/wp\/v2\/media?parent=129"}],"curies":[{"name":"wp","href":"https:\/\/api.w.org\/{rel}","templated":true}]}}